{"id":230,"date":"2023-11-26T17:24:44","date_gmt":"2023-11-26T17:24:44","guid":{"rendered":"https:\/\/rytre.me\/?page_id=230"},"modified":"2025-04-06T21:50:12","modified_gmt":"2025-04-06T21:50:12","slug":"home","status":"publish","type":"page","link":"https:\/\/rytre.me\/fr\/","title":{"rendered":"Accueil"},"content":{"rendered":"<div data-elementor-type=\"wp-page\" data-elementor-id=\"230\" class=\"elementor elementor-230\" data-elementor-post-type=\"page\">\n\t\t\t\t<div class=\"elementor-element elementor-element-7e3aa69 e-flex e-con-boxed e-con e-parent\" data-id=\"7e3aa69\" data-element_type=\"container\">\n\t\t\t\t\t<div class=\"e-con-inner\">\n\t\t\t\t<div class=\"elementor-element elementor-element-4c2093f elementor-widget elementor-widget-heading\" data-id=\"4c2093f\" data-element_type=\"widget\" data-widget_type=\"heading.default\">\n\t\t\t\t<div class=\"elementor-widget-container\">\n\t\t\t\t\t<h2 class=\"elementor-heading-title elementor-size-default\">Une meilleure fa\u00e7on d'\u00e9crire, 10 fois plus rapide<\/h2>\t\t\t\t<\/div>\n\t\t\t\t<\/div>\n\t\t\t\t<div class=\"elementor-element elementor-element-fe4734a elementor-widget elementor-widget-html\" data-id=\"fe4734a\" data-element_type=\"widget\" data-widget_type=\"html.default\">\n\t\t\t\t<div class=\"elementor-widget-container\">\n\t\t\t\t\t<div class=\"backcolor\">\n<div class=\"gradients\"><div class=\"circle orange\"><\/div><div class=\"circle purple\"><\/div><div class=\"circle yellow\"><\/div><\/div>    \n<\/div>\n\t\t\t\t<\/div>\n\t\t\t\t<\/div>\n\t\t\t\t<div class=\"elementor-element elementor-element-fd8b450 elementor-widget elementor-widget-text-editor\" data-id=\"fd8b450\" data-element_type=\"widget\" data-widget_type=\"text-editor.default\">\n\t\t\t\t<div class=\"elementor-widget-container\">\n\t\t\t\t\t\t\t\t\t<p>Rytr est un assistant d'\u00e9criture IA qui vous aide \u00e0 cr\u00e9er du contenu de haute qualit\u00e9, en quelques secondes seulement, pour une fraction du co\u00fbt !<\/p>\t\t\t\t\t\t\t\t<\/div>\n\t\t\t\t<\/div>\n\t\t\t\t<div class=\"elementor-element elementor-element-2365804 elementor-align-center elementor-widget elementor-widget-button\" data-id=\"2365804\" data-element_type=\"widget\" data-widget_type=\"button.default\">\n\t\t\t\t<div class=\"elementor-widget-container\">\n\t\t\t\t\t\t\t\t\t<div class=\"elementor-button-wrapper\">\n\t\t\t\t\t<a class=\"elementor-button elementor-button-link elementor-size-md\" href=\"https:\/\/rytre.me\/fr\/go\/rytr\/\">\n\t\t\t\t\t\t<span class=\"elementor-button-content-wrapper\">\n\t\t\t\t\t\t<span class=\"elementor-button-icon\">\n\t\t\t\t<svg viewbox=\"0 0 24 24\" fill=\"#fff\" width=\"1rem\" height=\"1rem\"><path d=\"M0 0h24v24H0z\" fill=\"none\"><\/path><path d=\"M12 4l-1.41 1.41L16.17 11H4v2h12.17l-5.58 5.59L12 20l8-8z\"><\/path><\/svg>\t\t\t<\/span>\n\t\t\t\t\t\t\t\t\t<span class=\"elementor-button-text\">Commencer le ryhtme<\/span>\n\t\t\t\t\t<\/span>\n\t\t\t\t\t<\/a>\n\t\t\t\t<\/div>\n\t\t\t\t\t\t\t\t<\/div>\n\t\t\t\t<\/div>\n\t\t\t\t<div class=\"elementor-element elementor-element-6d1eb74 elementor-widget elementor-widget-text-editor\" data-id=\"6d1eb74\" data-element_type=\"widget\" data-widget_type=\"text-editor.default\">\n\t\t\t\t<div class=\"elementor-widget-container\">\n\t\t\t\t\t\t\t\t\t<p>Gratuit pour toujours, \u00e9voluez au fur et \u00e0 mesure de vos besoins !<\/p>\t\t\t\t\t\t\t\t<\/div>\n\t\t\t\t<\/div>\n\t\t\t\t\t<\/div>\n\t\t\t\t<\/div>\n\t\t<div class=\"elementor-element elementor-element-be3b300 e-flex e-con-boxed e-con e-parent\" data-id=\"be3b300\" data-element_type=\"container\">\n\t\t\t\t\t<div class=\"e-con-inner\">\n\t\t<div class=\"elementor-element elementor-element-337ce87 e-con-full e-flex e-con e-child\" data-id=\"337ce87\" data-element_type=\"container\">\n\t\t\t\t<div class=\"elementor-element elementor-element-6eb42f0 elementor-widget elementor-widget-heading\" data-id=\"6eb42f0\" data-element_type=\"widget\" data-widget_type=\"heading.default\">\n\t\t\t\t<div class=\"elementor-widget-container\">\n\t\t\t\t\t<h2 class=\"elementor-heading-title elementor-size-default\">7,000,000+<\/h2>\t\t\t\t<\/div>\n\t\t\t\t<\/div>\n\t\t\t\t<div class=\"elementor-element elementor-element-535b012 elementor-widget elementor-widget-heading\" data-id=\"535b012\" data-element_type=\"widget\" data-widget_type=\"heading.default\">\n\t\t\t\t<div class=\"elementor-widget-container\">\n\t\t\t\t\t<p class=\"elementor-heading-title elementor-size-default\">des r\u00e9dacteurs, des sp\u00e9cialistes du marketing et des entrepreneurs heureux<\/p>\t\t\t\t<\/div>\n\t\t\t\t<\/div>\n\t\t\t\t<\/div>\n\t\t<div class=\"elementor-element elementor-element-7bebda3 e-con-full e-flex e-con e-child\" data-id=\"7bebda3\" data-element_type=\"container\">\n\t\t\t\t<div class=\"elementor-element elementor-element-2543918 elementor-widget elementor-widget-heading\" data-id=\"2543918\" data-element_type=\"widget\" data-widget_type=\"heading.default\">\n\t\t\t\t<div class=\"elementor-widget-container\">\n\t\t\t\t\t<h2 class=\"elementor-heading-title elementor-size-default\">4.9\/5<\/h2>\t\t\t\t<\/div>\n\t\t\t\t<\/div>\n\t\t\t\t<div class=\"elementor-element elementor-element-4722630 elementor-widget elementor-widget-heading\" data-id=\"4722630\" data-element_type=\"widget\" data-widget_type=\"heading.default\">\n\t\t\t\t<div class=\"elementor-widget-container\">\n\t\t\t\t\t<p class=\"elementor-heading-title elementor-size-default\">taux de satisfaction de plus de 1000 avis sur TrustPilot, G2 et plus encore<\/p>\t\t\t\t<\/div>\n\t\t\t\t<\/div>\n\t\t\t\t<\/div>\n\t\t<div class=\"elementor-element elementor-element-04ab3c2 e-con-full e-flex e-con e-child\" data-id=\"04ab3c2\" data-element_type=\"container\">\n\t\t\t\t<div class=\"elementor-element elementor-element-b4bfb62 elementor-widget elementor-widget-heading\" data-id=\"b4bfb62\" data-element_type=\"widget\" data-widget_type=\"heading.default\">\n\t\t\t\t<div class=\"elementor-widget-container\">\n\t\t\t\t\t<h2 class=\"elementor-heading-title elementor-size-default\">25 000 000+ heures<\/h2>\t\t\t\t<\/div>\n\t\t\t\t<\/div>\n\t\t\t\t<div class=\"elementor-element elementor-element-8e71eb8 elementor-widget elementor-widget-heading\" data-id=\"8e71eb8\" data-element_type=\"widget\" data-widget_type=\"heading.default\">\n\t\t\t\t<div class=\"elementor-widget-container\">\n\t\t\t\t\t<p class=\"elementor-heading-title elementor-size-default\">et $500 millions d'euros \u00e9conomis\u00e9s jusqu'\u00e0 pr\u00e9sent dans la r\u00e9daction de contenu<\/p>\t\t\t\t<\/div>\n\t\t\t\t<\/div>\n\t\t\t\t<\/div>\n\t\t\t\t\t<\/div>\n\t\t\t\t<\/div>\n\t\t\t\t<\/div>","protected":false},"excerpt":{"rendered":"<p>A better, 10x faster way to write Rytr is an AI writing assistant that helps you create high-quality content, in just a few seconds, at a fraction of the cost! Start Ryting Free forever, upgrade as you scale! 7,000,000+ happy copywriters, marketers &#038; entrepreneurs 4.9\/5 satisfaction rating from 1000+ reviews on TrustPilot, G2 &#038; more [&hellip;]<\/p>","protected":false},"author":1,"featured_media":0,"parent":0,"menu_order":0,"comment_status":"closed","ping_status":"closed","template":"","meta":{"footnotes":""},"class_list":["post-230","page","type-page","status-publish","hentry"],"yoast_head":"<!-- This site is optimized with the Yoast SEO plugin v24.8.1 - https:\/\/yoast.com\/wordpress\/plugins\/seo\/ -->\n<title>Home - Rytr Explain<\/title>\n<meta name=\"robots\" content=\"index, follow, max-snippet:-1, max-image-preview:large, max-video-preview:-1\" \/>\n<link rel=\"canonical\" href=\"https:\/\/rytre.me\/fr\/\" \/>\n<meta property=\"og:locale\" content=\"fr_FR\" \/>\n<meta property=\"og:type\" content=\"article\" \/>\n<meta property=\"og:title\" content=\"Home - Rytr Explain\" \/>\n<meta property=\"og:description\" content=\"A better, 10x faster way to write Rytr is an AI writing assistant that helps you create high-quality content, in just a few seconds, at a fraction of the cost! Start Ryting Free forever, upgrade as you scale! 7,000,000+ happy copywriters, marketers &#038; entrepreneurs 4.9\/5 satisfaction rating from 1000+ reviews on TrustPilot, G2 &#038; more [&hellip;]\" \/>\n<meta property=\"og:url\" content=\"https:\/\/rytre.me\/fr\/\" \/>\n<meta property=\"og:site_name\" content=\"Rytr Explain\" \/>\n<meta property=\"article:modified_time\" content=\"2025-04-06T21:50:12+00:00\" \/>\n<meta name=\"twitter:card\" content=\"summary_large_image\" \/>\n<script type=\"application\/ld+json\" class=\"yoast-schema-graph\">{\"@context\":\"https:\/\/schema.org\",\"@graph\":[{\"@type\":\"WebPage\",\"@id\":\"https:\/\/rytre.me\/\",\"url\":\"https:\/\/rytre.me\/\",\"name\":\"Home - Rytr Explain\",\"isPartOf\":{\"@id\":\"https:\/\/rytre.me\/#website\"},\"datePublished\":\"2023-11-26T17:24:44+00:00\",\"dateModified\":\"2025-04-06T21:50:12+00:00\",\"breadcrumb\":{\"@id\":\"https:\/\/rytre.me\/#breadcrumb\"},\"inLanguage\":\"fr-FR\",\"potentialAction\":[{\"@type\":\"ReadAction\",\"target\":[\"https:\/\/rytre.me\/\"]}]},{\"@type\":\"BreadcrumbList\",\"@id\":\"https:\/\/rytre.me\/#breadcrumb\",\"itemListElement\":[{\"@type\":\"ListItem\",\"position\":1,\"name\":\"Home\",\"item\":\"https:\/\/rytre.me\/\"},{\"@type\":\"ListItem\",\"position\":2,\"name\":\"Home\"}]},{\"@type\":\"WebSite\",\"@id\":\"https:\/\/rytre.me\/#website\",\"url\":\"https:\/\/rytre.me\/\",\"name\":\"Rytr Explain\",\"description\":\"Best AI Writer, Content Generator &amp; Writing Assistant\",\"publisher\":{\"@id\":\"https:\/\/rytre.me\/#organization\"},\"potentialAction\":[{\"@type\":\"SearchAction\",\"target\":{\"@type\":\"EntryPoint\",\"urlTemplate\":\"https:\/\/rytre.me\/?s={search_term_string}\"},\"query-input\":{\"@type\":\"PropertyValueSpecification\",\"valueRequired\":true,\"valueName\":\"search_term_string\"}}],\"inLanguage\":\"fr-FR\"},{\"@type\":\"Organization\",\"@id\":\"https:\/\/rytre.me\/#organization\",\"name\":\"Rytr Explain\",\"url\":\"https:\/\/rytre.me\/\",\"logo\":{\"@type\":\"ImageObject\",\"inLanguage\":\"fr-FR\",\"@id\":\"https:\/\/rytre.me\/#\/schema\/logo\/image\/\",\"url\":\"https:\/\/rytre.me\/wp-content\/uploads\/2023\/11\/favicon.png\",\"contentUrl\":\"https:\/\/rytre.me\/wp-content\/uploads\/2023\/11\/favicon.png\",\"width\":180,\"height\":180,\"caption\":\"Rytr Explain\"},\"image\":{\"@id\":\"https:\/\/rytre.me\/#\/schema\/logo\/image\/\"}}]}<\/script>\n<!-- \/ Yoast SEO plugin. -->","yoast_head_json":{"title":"Home - Rytr Explain","robots":{"index":"index","follow":"follow","max-snippet":"max-snippet:-1","max-image-preview":"max-image-preview:large","max-video-preview":"max-video-preview:-1"},"canonical":"https:\/\/rytre.me\/fr\/","og_locale":"fr_FR","og_type":"article","og_title":"Home - Rytr Explain","og_description":"A better, 10x faster way to write Rytr is an AI writing assistant that helps you create high-quality content, in just a few seconds, at a fraction of the cost! Start Ryting Free forever, upgrade as you scale! 7,000,000+ happy copywriters, marketers &#038; entrepreneurs 4.9\/5 satisfaction rating from 1000+ reviews on TrustPilot, G2 &#038; more [&hellip;]","og_url":"https:\/\/rytre.me\/fr\/","og_site_name":"Rytr Explain","article_modified_time":"2025-04-06T21:50:12+00:00","twitter_card":"summary_large_image","schema":{"@context":"https:\/\/schema.org","@graph":[{"@type":"WebPage","@id":"https:\/\/rytre.me\/","url":"https:\/\/rytre.me\/","name":"Home - Rytr Explain","isPartOf":{"@id":"https:\/\/rytre.me\/#website"},"datePublished":"2023-11-26T17:24:44+00:00","dateModified":"2025-04-06T21:50:12+00:00","breadcrumb":{"@id":"https:\/\/rytre.me\/#breadcrumb"},"inLanguage":"fr-FR","potentialAction":[{"@type":"ReadAction","target":["https:\/\/rytre.me\/"]}]},{"@type":"BreadcrumbList","@id":"https:\/\/rytre.me\/#breadcrumb","itemListElement":[{"@type":"ListItem","position":1,"name":"Home","item":"https:\/\/rytre.me\/"},{"@type":"ListItem","position":2,"name":"Home"}]},{"@type":"WebSite","@id":"https:\/\/rytre.me\/#website","url":"https:\/\/rytre.me\/","name":"Rytr Explain","description":"Best AI Writer, Content Generator &amp; Writing Assistant","publisher":{"@id":"https:\/\/rytre.me\/#organization"},"potentialAction":[{"@type":"SearchAction","target":{"@type":"EntryPoint","urlTemplate":"https:\/\/rytre.me\/?s={search_term_string}"},"query-input":{"@type":"PropertyValueSpecification","valueRequired":true,"valueName":"search_term_string"}}],"inLanguage":"fr-FR"},{"@type":"Organization","@id":"https:\/\/rytre.me\/#organization","name":"Rytr Explain","url":"https:\/\/rytre.me\/","logo":{"@type":"ImageObject","inLanguage":"fr-FR","@id":"https:\/\/rytre.me\/#\/schema\/logo\/image\/","url":"https:\/\/rytre.me\/wp-content\/uploads\/2023\/11\/favicon.png","contentUrl":"https:\/\/rytre.me\/wp-content\/uploads\/2023\/11\/favicon.png","width":180,"height":180,"caption":"Rytr Explain"},"image":{"@id":"https:\/\/rytre.me\/#\/schema\/logo\/image\/"}}]}},"_links":{"self":[{"href":"https:\/\/rytre.me\/fr\/wp-json\/wp\/v2\/pages\/230","targetHints":{"allow":["GET"]}}],"collection":[{"href":"https:\/\/rytre.me\/fr\/wp-json\/wp\/v2\/pages"}],"about":[{"href":"https:\/\/rytre.me\/fr\/wp-json\/wp\/v2\/types\/page"}],"author":[{"embeddable":true,"href":"https:\/\/rytre.me\/fr\/wp-json\/wp\/v2\/users\/1"}],"replies":[{"embeddable":true,"href":"https:\/\/rytre.me\/fr\/wp-json\/wp\/v2\/comments?post=230"}],"version-history":[{"count":154,"href":"https:\/\/rytre.me\/fr\/wp-json\/wp\/v2\/pages\/230\/revisions"}],"predecessor-version":[{"id":490,"href":"https:\/\/rytre.me\/fr\/wp-json\/wp\/v2\/pages\/230\/revisions\/490"}],"wp:attachment":[{"href":"https:\/\/rytre.me\/fr\/wp-json\/wp\/v2\/media?parent=230"}],"curies":[{"name":"wp","href":"https:\/\/api.w.org\/{rel}","templated":true}]}}